{"id":541,"date":"2023-01-19T16:27:23","date_gmt":"2023-01-19T16:27:23","guid":{"rendered":"https:\/\/ahs-auditors.com\/?page_id=541"},"modified":"2023-01-22T23:32:01","modified_gmt":"2023-01-22T23:32:01","slug":"core-values","status":"publish","type":"page","link":"https:\/\/ahs-auditors.com\/tr\/core-values\/","title":{"rendered":"Temel de\u011ferler"},"content":{"rendered":"<div data-elementor-type=\"wp-page\" data-elementor-id=\"541\" class=\"elementor elementor-541\" data-elementor-post-type=\"page\">\n\t\t\t\t\t\t<section data-particle_enable=\"false\" data-particle-mobile-disabled=\"false\" class=\"elementor-section elementor-top-section elementor-element elementor-element-4ab93c0a elementor-section-stretched elementor-section-boxed elementor-section-height-default elementor-section-height-default\" data-id=\"4ab93c0a\" data-element_type=\"section\" data-settings=\"{&quot;stretch_section&quot;:&quot;section-stretched&quot;,&quot;ekit_has_onepagescroll_dot&quot;:&quot;yes&quot;}\">\n\t\t\t\t\t\t<div class=\"elementor-container elementor-column-gap-no\">\n\t\t\t\t\t<div class=\"elementor-column elementor-col-100 elementor-top-column elementor-element elementor-element-68fb5cae\" data-id=\"68fb5cae\" data-element_type=\"column\">\n\t\t\t<div class=\"elementor-widget-wrap elementor-element-populated\">\n\t\t\t\t\t\t<div class=\"elementor-element elementor-element-49f140c9 elementor-widget elementor-widget-heading\" data-id=\"49f140c9\" data-element_type=\"widget\" data-settings=\"{&quot;ekit_we_effect_on&quot;:&quot;none&quot;}\" data-widget_type=\"heading.default\">\n\t\t\t\t<div class=\"elementor-widget-container\">\n\t\t\t\t\t<span class=\"elementor-heading-title elementor-size-default\">Temel de\u011ferlerimiz<\/span>\t\t\t\t<\/div>\n\t\t\t\t<\/div>\n\t\t\t\t<div class=\"elementor-element elementor-element-163aaf8b elementor-widget elementor-widget-text-editor\" data-id=\"163aaf8b\" data-element_type=\"widget\" data-settings=\"{&quot;ekit_we_effect_on&quot;:&quot;none&quot;}\" data-widget_type=\"text-editor.default\">\n\t\t\t\t<div class=\"elementor-widget-container\">\n\t\t\t\t\t\t\t\t\t<p>Her \u015feyden \u00f6nce, yeminli mali m\u00fc\u015favirler, dan\u0131\u015fmanlar ve vergi dan\u0131\u015fmanlar\u0131 olan Ahmed Hassan El Sayed, s\u00fcrekli olarak en y\u00fcksek profesyonel standartlara ba\u011fl\u0131 kalmaya \u00e7abalar ve ba\u011f\u0131ms\u0131zl\u0131\u011f\u0131m\u0131z\u0131 korurken m\u00fc\u015fterilerimize sa\u011flam tavsiyeler sunar. Zor durumlar\u0131n y\u00f6netimi ile s\u0131k s\u0131k ve yap\u0131c\u0131 bir \u015fekilde hizmet ve tavsiye sunarken ileti\u015fimimizde ve bilgi al\u0131\u015fveri\u015fimizde a\u00e7\u0131k ve d\u00fcr\u00fcst\u00fcz.<\/p>\t\t\t\t\t\t\t\t<\/div>\n\t\t\t\t<\/div>\n\t\t\t\t\t<\/div>\n\t\t<\/div>\n\t\t\t\t\t<\/div>\n\t\t<\/section>\n\t\t\t\t<section data-particle_enable=\"false\" data-particle-mobile-disabled=\"false\" class=\"elementor-section elementor-top-section elementor-element elementor-element-4b911e85 elementor-reverse-tablet elementor-reverse-mobile elementor-section-stretched elementor-section-boxed elementor-section-height-default elementor-section-height-default\" data-id=\"4b911e85\" data-element_type=\"section\" data-settings=\"{&quot;background_background&quot;:&quot;classic&quot;,&quot;stretch_section&quot;:&quot;section-stretched&quot;,&quot;ekit_has_onepagescroll_dot&quot;:&quot;yes&quot;}\">\n\t\t\t\t\t\t<div class=\"elementor-container elementor-column-gap-no\">\n\t\t\t\t\t<div class=\"elementor-column elementor-col-50 elementor-top-column elementor-element elementor-element-1cc8223a\" data-id=\"1cc8223a\" data-element_type=\"column\" data-settings=\"{&quot;background_background&quot;:&quot;classic&quot;}\">\n\t\t\t<div class=\"elementor-widget-wrap elementor-element-populated\">\n\t\t\t\t\t<div class=\"elementor-background-overlay\"><\/div>\n\t\t\t\t\t\t<div class=\"elementor-element elementor-element-cbf64c1 reverse-text elementor-widget elementor-widget-heading\" data-id=\"cbf64c1\" data-element_type=\"widget\" data-settings=\"{&quot;ekit_we_effect_on&quot;:&quot;none&quot;}\" data-widget_type=\"heading.default\">\n\t\t\t\t<div class=\"elementor-widget-container\">\n\t\t\t\t\t<h5 class=\"elementor-heading-title elementor-size-default\">Temel De\u011ferlerimizi koruyoruz <\/h5>\t\t\t\t<\/div>\n\t\t\t\t<\/div>\n\t\t\t\t<div class=\"elementor-element elementor-element-48ccea97 elementor-widget elementor-widget-heading\" data-id=\"48ccea97\" data-element_type=\"widget\" data-settings=\"{&quot;ekit_we_effect_on&quot;:&quot;none&quot;}\" data-widget_type=\"heading.default\">\n\t\t\t\t<div class=\"elementor-widget-container\">\n\t\t\t\t\t<p class=\"elementor-heading-title elementor-size-default\">B\u00f6yle bir politika do\u011frultusunda ofisimizde a\u015fa\u011f\u0131daki de\u011fer ve esaslara ba\u011fl\u0131 kalmaktay\u0131z.<\/p>\t\t\t\t<\/div>\n\t\t\t\t<\/div>\n\t\t\t\t<div class=\"elementor-element elementor-element-5d3e1398 reverse-text elementor-widget elementor-widget-eael-feature-list\" data-id=\"5d3e1398\" data-element_type=\"widget\" data-settings=\"{&quot;ekit_we_effect_on&quot;:&quot;none&quot;}\" data-widget_type=\"eael-feature-list.default\">\n\t\t\t\t<div class=\"elementor-widget-container\">\n\t\t\t\t\t\t\t<div class=\"-icon-position-left -tablet-icon-position-left -mobile-icon-position-right\">\n\t\t\t<ul id=\"eael-feature-list-5d3e1398\" class=\"eael-feature-list-items rhombus stacked connector-type-classic eael-feature-list-vertical\" data-layout-tablet=\"vertical\" data-layout-mobile=\"vertical\">\n\t\t\t                <li class=\"eael-feature-list-item elementor-repeater-item-34cd99c\">\n                                            <span class=\"connector\" style=\"right: calc(100% - 85px); left: 0;\"><\/span>\n                        <span class=\"connector connector-tablet\" style=\"right: calc(100% - 85px); left: 0;\"><\/span>\n                        <span class=\"connector connector-mobile\" style=\"left: calc(100% - 85px); right: 0;\"><\/span>\n                    \n\t\t\t\t\t\t<div class=\"eael-feature-list-icon-box\">\n\t\t\t\t\t\t\t<div class=\"eael-feature-list-icon-inner\">\n\n\t\t\t\t\t\t\t\t<span class=\"eael-feature-list-icon fl-icon-0\">\n\n\t\t<i aria-hidden=\"true\" class=\"fas fa-gem\"><\/i>\t\t\t\t\t\t\t\t<\/span>\n\t\t\t\t\t\t\t<\/div>\n\t\t\t\t\t\t<\/div>\n\t\t\t\t\t\t<div class=\"eael-feature-list-content-box\">\n                            <h2 class=\"eael-feature-list-title\">Basit bir felsefe - M\u00fc\u015fterilerin ba\u015far\u0131l\u0131 olmas\u0131na yard\u0131mc\u0131 olmak<\/h2>\t\t\t\t\t\t<p class=\"eael-feature-list-content\">M\u00fc\u015fterilerin ba\u015far\u0131l\u0131 olmas\u0131na yard\u0131mc\u0131 olmak istiyoruz. Bu nedenle, her m\u00fc\u015fteri i\u00e7in bir i\u015f orta\u011f\u0131 ve bir y\u00f6netici taraf\u0131ndan y\u00f6netilen \u00f6zel bir m\u00fc\u015fteri hizmetleri ekibi tahsis ediyoruz.<\/p>\n\t\t\t\t\t\t<\/div>\n\n\t\t\t\t\t<\/li>\n\t\t\t\t                <li class=\"eael-feature-list-item elementor-repeater-item-d0dac0b\">\n                                            <span class=\"connector\" style=\"right: calc(100% - 85px); left: 0;\"><\/span>\n                        <span class=\"connector connector-tablet\" style=\"right: calc(100% - 85px); left: 0;\"><\/span>\n                        <span class=\"connector connector-mobile\" style=\"left: calc(100% - 85px); right: 0;\"><\/span>\n                    \n\t\t\t\t\t\t<div class=\"eael-feature-list-icon-box\">\n\t\t\t\t\t\t\t<div class=\"eael-feature-list-icon-inner\">\n\n\t\t\t\t\t\t\t\t<span class=\"eael-feature-list-icon fl-icon-1\">\n\n\t\t<i aria-hidden=\"true\" class=\"fas fa-gem\"><\/i>\t\t\t\t\t\t\t\t<\/span>\n\t\t\t\t\t\t\t<\/div>\n\t\t\t\t\t\t<\/div>\n\t\t\t\t\t\t<div class=\"eael-feature-list-content-box\">\n                            <h2 class=\"eael-feature-list-title\">Hedefimiz - Tam kapsaml\u0131 y\u00fcksek kaliteli hizmetler<\/h2>\t\t\t\t\t\t<p class=\"eael-feature-list-content\">Giri\u015fimci i\u015fletmeler, kar amac\u0131 g\u00fctmeyen kurulu\u015flar ve \u00f6zel ki\u015filer i\u00e7in uzman tavsiyesi.<\/p>\n\t\t\t\t\t\t<\/div>\n\n\t\t\t\t\t<\/li>\n\t\t\t\t                <li class=\"eael-feature-list-item elementor-repeater-item-d811507\">\n                                            <span class=\"connector\" style=\"right: calc(100% - 85px); left: 0;\"><\/span>\n                        <span class=\"connector connector-tablet\" style=\"right: calc(100% - 85px); left: 0;\"><\/span>\n                        <span class=\"connector connector-mobile\" style=\"left: calc(100% - 85px); right: 0;\"><\/span>\n                    \n\t\t\t\t\t\t<div class=\"eael-feature-list-icon-box\">\n\t\t\t\t\t\t\t<div class=\"eael-feature-list-icon-inner\">\n\n\t\t\t\t\t\t\t\t<span class=\"eael-feature-list-icon fl-icon-2\">\n\n\t\t<i aria-hidden=\"true\" class=\"fas fa-gem\"><\/i>\t\t\t\t\t\t\t\t<\/span>\n\t\t\t\t\t\t\t<\/div>\n\t\t\t\t\t\t<\/div>\n\t\t\t\t\t\t<div class=\"eael-feature-list-content-box\">\n                            <h2 class=\"eael-feature-list-title\">Uluslararas\u0131 G\u00fc\u00e7<\/h2>\t\t\t\t\t\t<p class=\"eael-feature-list-content\">Kilit b\u00f6lgeler olu\u015fturulmu\u015f ve s\u0131ras\u0131yla Avrupa, Orta Do\u011fu ve Afrika&#039;daki (EMEA) b\u00f6lgesel y\u00f6neticiler taraf\u0131ndan koordine edilmektedir.<\/p>\n\t\t\t\t\t\t<\/div>\n\n\t\t\t\t\t<\/li>\n\t\t\t\t                <li class=\"eael-feature-list-item elementor-repeater-item-6417b82\">\n                                            <span class=\"connector\" style=\"right: calc(100% - 85px); left: 0;\"><\/span>\n                        <span class=\"connector connector-tablet\" style=\"right: calc(100% - 85px); left: 0;\"><\/span>\n                        <span class=\"connector connector-mobile\" style=\"left: calc(100% - 85px); right: 0;\"><\/span>\n                    \n\t\t\t\t\t\t<div class=\"eael-feature-list-icon-box\">\n\t\t\t\t\t\t\t<div class=\"eael-feature-list-icon-inner\">\n\n\t\t\t\t\t\t\t\t<span class=\"eael-feature-list-icon fl-icon-3\">\n\n\t\t<i aria-hidden=\"true\" class=\"fas fa-gem\"><\/i>\t\t\t\t\t\t\t\t<\/span>\n\t\t\t\t\t\t\t<\/div>\n\t\t\t\t\t\t<\/div>\n\t\t\t\t\t\t<div class=\"eael-feature-list-content-box\">\n                            <h2 class=\"eael-feature-list-title\">Bizim \u00e7e\u015fitlili\u011fimiz - sizin odak noktan\u0131z<\/h2>\t\t\t\t\t\t<p class=\"eael-feature-list-content\">Kurulu\u015funuzun b\u00fcy\u00fcmesinin her a\u015famas\u0131 i\u00e7in geni\u015f bir hizmet yelpazesi.<\/p>\n\t\t\t\t\t\t<\/div>\n\n\t\t\t\t\t<\/li>\n\t\t\t\t                <li class=\"eael-feature-list-item elementor-repeater-item-8f319a8\">\n                                            <span class=\"connector\" style=\"right: calc(100% - 85px); left: 0;\"><\/span>\n                        <span class=\"connector connector-tablet\" style=\"right: calc(100% - 85px); left: 0;\"><\/span>\n                        <span class=\"connector connector-mobile\" style=\"left: calc(100% - 85px); right: 0;\"><\/span>\n                    \n\t\t\t\t\t\t<div class=\"eael-feature-list-icon-box\">\n\t\t\t\t\t\t\t<div class=\"eael-feature-list-icon-inner\">\n\n\t\t\t\t\t\t\t\t<span class=\"eael-feature-list-icon fl-icon-4\">\n\n\t\t<i aria-hidden=\"true\" class=\"fas fa-gem\"><\/i>\t\t\t\t\t\t\t\t<\/span>\n\t\t\t\t\t\t\t<\/div>\n\t\t\t\t\t\t<\/div>\n\t\t\t\t\t\t<div class=\"eael-feature-list-content-box\">\n                            <h2 class=\"eael-feature-list-title\">Sinerji - fark yaratmak<\/h2>\t\t\t\t\t\t<p class=\"eael-feature-list-content\">M\u00fc\u015fteri hizmetleri ekibinizin rol\u00fc, do\u011fru hizmeti tam da ihtiyac\u0131n\u0131z oldu\u011funda uyarlamakt\u0131r.<\/p>\n\t\t\t\t\t\t<\/div>\n\n\t\t\t\t\t<\/li>\n\t\t\t\t                <li class=\"eael-feature-list-item elementor-repeater-item-17aa6df\">\n                                            <span class=\"connector\" style=\"right: calc(100% - 85px); left: 0;\"><\/span>\n                        <span class=\"connector connector-tablet\" style=\"right: calc(100% - 85px); left: 0;\"><\/span>\n                        <span class=\"connector connector-mobile\" style=\"left: calc(100% - 85px); right: 0;\"><\/span>\n                    \n\t\t\t\t\t\t<div class=\"eael-feature-list-icon-box\">\n\t\t\t\t\t\t\t<div class=\"eael-feature-list-icon-inner\">\n\n\t\t\t\t\t\t\t\t<span class=\"eael-feature-list-icon fl-icon-5\">\n\n\t\t<i aria-hidden=\"true\" class=\"fas fa-gem\"><\/i>\t\t\t\t\t\t\t\t<\/span>\n\t\t\t\t\t\t\t<\/div>\n\t\t\t\t\t\t<\/div>\n\t\t\t\t\t\t<div class=\"eael-feature-list-content-box\">\n                            <h2 class=\"eael-feature-list-title\">Lokasyonlar ve hizmet \u00e7e\u015fitlili\u011fi<\/h2>\t\t\t\t\t\t<p class=\"eael-feature-list-content\">M\u0131s\u0131r&#039;daki profesyonel personelimiz denet\u00e7iler, dan\u0131\u015fmanlar veya vergi dan\u0131\u015fmanlar\u0131ndan daha fazlas\u0131d\u0131r. Bunlar\u0131n hepsi ve \u00e7ok daha fazlas\u0131. Ayr\u0131ca muhasebe, y\u00f6netim dan\u0131\u015fmanl\u0131\u011f\u0131, bilgi sistemleri dan\u0131\u015fmanl\u0131\u011f\u0131 ve di\u011fer dan\u0131\u015fmanl\u0131k hizmetleri dahil olmak \u00fczere denetim ve vergi dan\u0131\u015fmanl\u0131\u011f\u0131na ek olarak finansal ve dan\u0131\u015fmanl\u0131k hizmetleri sa\u011flay\u0131c\u0131lar\u0131 olarak kabul edilirler.<\/p>\n\t\t\t\t\t\t<\/div>\n\n\t\t\t\t\t<\/li>\n\t\t\t\t\t\t\t<\/ul>\n\t\t<\/div>\n\t\t\t\t\t\t<\/div>\n\t\t\t\t<\/div>\n\t\t\t\t\t<\/div>\n\t\t<\/div>\n\t\t\t\t<div class=\"elementor-column elementor-col-50 elementor-top-column elementor-element elementor-element-6bb0890 elementor-hidden-tablet elementor-hidden-mobile\" data-id=\"6bb0890\" data-element_type=\"column\">\n\t\t\t<div class=\"elementor-widget-wrap elementor-element-populated\">\n\t\t\t\t\t\t<div class=\"elementor-element elementor-element-ac8f051 animated-slow elementor-invisible elementor-widget elementor-widget-image\" data-id=\"ac8f051\" data-element_type=\"widget\" data-settings=\"{&quot;_animation&quot;:&quot;fadeInUp&quot;,&quot;_animation_delay&quot;:400,&quot;ekit_we_effect_on&quot;:&quot;none&quot;}\" data-widget_type=\"image.default\">\n\t\t\t\t<div class=\"elementor-widget-container\">\n\t\t\t\t\t\t\t\t\t\t\t\t\t\t\t<img fetchpriority=\"high\" decoding=\"async\" width=\"1707\" height=\"2560\" src=\"https:\/\/ahs-auditors.com\/wp-content\/uploads\/2023\/01\/pexels-fauxels-3182755-scaled.jpg\" class=\"attachment-full size-full wp-image-561\" alt=\"\" srcset=\"https:\/\/ahs-auditors.com\/wp-content\/uploads\/2023\/01\/pexels-fauxels-3182755-scaled.jpg 1707w, https:\/\/ahs-auditors.com\/wp-content\/uploads\/2023\/01\/pexels-fauxels-3182755-200x300.jpg 200w, https:\/\/ahs-auditors.com\/wp-content\/uploads\/2023\/01\/pexels-fauxels-3182755-683x1024.jpg 683w, https:\/\/ahs-auditors.com\/wp-content\/uploads\/2023\/01\/pexels-fauxels-3182755-768x1152.jpg 768w, https:\/\/ahs-auditors.com\/wp-content\/uploads\/2023\/01\/pexels-fauxels-3182755-1024x1536.jpg 1024w, https:\/\/ahs-auditors.com\/wp-content\/uploads\/2023\/01\/pexels-fauxels-3182755-1365x2048.jpg 1365w, https:\/\/ahs-auditors.com\/wp-content\/uploads\/2023\/01\/pexels-fauxels-3182755-97x146.jpg 97w, https:\/\/ahs-auditors.com\/wp-content\/uploads\/2023\/01\/pexels-fauxels-3182755-33x50.jpg 33w, https:\/\/ahs-auditors.com\/wp-content\/uploads\/2023\/01\/pexels-fauxels-3182755-50x75.jpg 50w, https:\/\/ahs-auditors.com\/wp-content\/uploads\/2023\/01\/pexels-fauxels-3182755-800x1200.jpg 800w\" sizes=\"(max-width:767px) 480px, (max-width:1707px) 100vw, 1707px\" \/>\t\t\t\t\t\t\t\t\t\t\t\t\t\t\t<\/div>\n\t\t\t\t<\/div>\n\t\t\t\t\t<\/div>\n\t\t<\/div>\n\t\t\t\t\t<\/div>\n\t\t<\/section>\n\t\t\t\t<\/div>","protected":false},"excerpt":{"rendered":"<p>Temel de\u011ferlerimiz Her \u015feyden \u00f6nce, yeminli mali m\u00fc\u015favirler, dan\u0131\u015fmanlar ve vergi dan\u0131\u015fmanlar\u0131 olan Ahmed Hassan El Sayed, s\u00fcrekli olarak en y\u00fcksek profesyonel standartlara ba\u011fl\u0131 kalmaya \u00e7al\u0131\u015f\u0131r,<span class=\"excerpt-hellip\"> [\u2026]<\/span><\/p>","protected":false},"author":1,"featured_media":0,"parent":0,"menu_order":0,"comment_status":"closed","ping_status":"closed","template":"","meta":{"footnotes":""},"class_list":["post-541","page","type-page","status-publish","hentry"],"yoast_head":"<!-- This site is optimized with the Yoast SEO plugin v27.2 - https:\/\/yoast.com\/product\/yoast-seo-wordpress\/ -->\n<title>Core Values - AHS Auditors<\/title>\n<meta name=\"robots\" content=\"index, follow, max-snippet:-1, max-image-preview:large, max-video-preview:-1\" \/>\n<link rel=\"canonical\" href=\"https:\/\/ahs-auditors.com\/tr\/core-values\/\" \/>\n<meta property=\"og:locale\" content=\"tr_TR\" \/>\n<meta property=\"og:type\" content=\"article\" \/>\n<meta property=\"og:title\" content=\"Core Values - AHS Auditors\" \/>\n<meta property=\"og:description\" content=\"Our core values Above all, Ahmed Hassan El Sayed &#8211; chartered accountants, consultants, and tax advisers &#8211; consistently strive to adhere to the highest professional standards, [\u2026]\" \/>\n<meta property=\"og:url\" content=\"https:\/\/ahs-auditors.com\/tr\/core-values\/\" \/>\n<meta property=\"og:site_name\" content=\"AHS Auditors\" \/>\n<meta property=\"article:publisher\" content=\"https:\/\/www.facebook.com\/ahs.auditors\/\" \/>\n<meta property=\"article:modified_time\" content=\"2023-01-22T23:32:01+00:00\" \/>\n<meta property=\"og:image\" content=\"https:\/\/ahs-auditors.com\/wp-content\/uploads\/2023\/01\/pexels-fauxels-3182755-scaled.jpg\" \/>\n<meta name=\"twitter:card\" content=\"summary_large_image\" \/>\n<meta name=\"twitter:site\" content=\"@ahs_audtiors\" \/>\n<meta name=\"twitter:label1\" content=\"Tahmini okuma s\u00fcresi\" \/>\n\t<meta name=\"twitter:data1\" content=\"2 dakika\" \/>\n<script type=\"application\/ld+json\" class=\"yoast-schema-graph\">{\"@context\":\"https:\/\/schema.org\",\"@graph\":[{\"@type\":\"WebPage\",\"@id\":\"https:\/\/ahs-auditors.com\/core-values\/\",\"url\":\"https:\/\/ahs-auditors.com\/core-values\/\",\"name\":\"Core Values - AHS Auditors\",\"isPartOf\":{\"@id\":\"https:\/\/ahs-auditors.com\/#website\"},\"primaryImageOfPage\":{\"@id\":\"https:\/\/ahs-auditors.com\/core-values\/#primaryimage\"},\"image\":{\"@id\":\"https:\/\/ahs-auditors.com\/core-values\/#primaryimage\"},\"thumbnailUrl\":\"https:\/\/ahs-auditors.com\/wp-content\/uploads\/2023\/01\/pexels-fauxels-3182755-scaled.jpg\",\"datePublished\":\"2023-01-19T16:27:23+00:00\",\"dateModified\":\"2023-01-22T23:32:01+00:00\",\"breadcrumb\":{\"@id\":\"https:\/\/ahs-auditors.com\/core-values\/#breadcrumb\"},\"inLanguage\":\"tr\",\"potentialAction\":[{\"@type\":\"ReadAction\",\"target\":[\"https:\/\/ahs-auditors.com\/core-values\/\"]}]},{\"@type\":\"ImageObject\",\"inLanguage\":\"tr\",\"@id\":\"https:\/\/ahs-auditors.com\/core-values\/#primaryimage\",\"url\":\"https:\/\/ahs-auditors.com\/wp-content\/uploads\/2023\/01\/pexels-fauxels-3182755-scaled.jpg\",\"contentUrl\":\"https:\/\/ahs-auditors.com\/wp-content\/uploads\/2023\/01\/pexels-fauxels-3182755-scaled.jpg\"},{\"@type\":\"BreadcrumbList\",\"@id\":\"https:\/\/ahs-auditors.com\/core-values\/#breadcrumb\",\"itemListElement\":[{\"@type\":\"ListItem\",\"position\":1,\"name\":\"Home\",\"item\":\"https:\/\/ahs-auditors.com\/\"},{\"@type\":\"ListItem\",\"position\":2,\"name\":\"Core Values\"}]},{\"@type\":\"WebSite\",\"@id\":\"https:\/\/ahs-auditors.com\/#website\",\"url\":\"https:\/\/ahs-auditors.com\/\",\"name\":\"AHS Auditors\",\"description\":\"Ahmed Hassan El Sayed - Chartered Accountants, Consultants, and Tax Advisers\",\"publisher\":{\"@id\":\"https:\/\/ahs-auditors.com\/#organization\"},\"potentialAction\":[{\"@type\":\"SearchAction\",\"target\":{\"@type\":\"EntryPoint\",\"urlTemplate\":\"https:\/\/ahs-auditors.com\/?s={search_term_string}\"},\"query-input\":{\"@type\":\"PropertyValueSpecification\",\"valueRequired\":true,\"valueName\":\"search_term_string\"}}],\"inLanguage\":\"tr\"},{\"@type\":\"Organization\",\"@id\":\"https:\/\/ahs-auditors.com\/#organization\",\"name\":\"AHS Auditors\",\"url\":\"https:\/\/ahs-auditors.com\/\",\"logo\":{\"@type\":\"ImageObject\",\"inLanguage\":\"tr\",\"@id\":\"https:\/\/ahs-auditors.com\/#\/schema\/logo\/image\/\",\"url\":\"https:\/\/ahs-auditors.com\/wp-content\/uploads\/2023\/01\/ahs-1.png\",\"contentUrl\":\"https:\/\/ahs-auditors.com\/wp-content\/uploads\/2023\/01\/ahs-1.png\",\"width\":483,\"height\":166,\"caption\":\"AHS Auditors\"},\"image\":{\"@id\":\"https:\/\/ahs-auditors.com\/#\/schema\/logo\/image\/\"},\"sameAs\":[\"https:\/\/www.facebook.com\/ahs.auditors\/\",\"https:\/\/x.com\/ahs_audtiors\",\"https:\/\/www.linkedin.com\/company\/ahs---auditors\"]}]}<\/script>\n<!-- \/ Yoast SEO plugin. -->","yoast_head_json":{"title":"Core Values - AHS Auditors","robots":{"index":"index","follow":"follow","max-snippet":"max-snippet:-1","max-image-preview":"max-image-preview:large","max-video-preview":"max-video-preview:-1"},"canonical":"https:\/\/ahs-auditors.com\/tr\/core-values\/","og_locale":"tr_TR","og_type":"article","og_title":"Core Values - AHS Auditors","og_description":"Our core values Above all, Ahmed Hassan El Sayed &#8211; chartered accountants, consultants, and tax advisers &#8211; consistently strive to adhere to the highest professional standards, [\u2026]","og_url":"https:\/\/ahs-auditors.com\/tr\/core-values\/","og_site_name":"AHS Auditors","article_publisher":"https:\/\/www.facebook.com\/ahs.auditors\/","article_modified_time":"2023-01-22T23:32:01+00:00","og_image":[{"url":"https:\/\/ahs-auditors.com\/wp-content\/uploads\/2023\/01\/pexels-fauxels-3182755-scaled.jpg","type":"","width":"","height":""}],"twitter_card":"summary_large_image","twitter_site":"@ahs_audtiors","twitter_misc":{"Tahmini okuma s\u00fcresi":"2 dakika"},"schema":{"@context":"https:\/\/schema.org","@graph":[{"@type":"WebPage","@id":"https:\/\/ahs-auditors.com\/core-values\/","url":"https:\/\/ahs-auditors.com\/core-values\/","name":"Core Values - AHS Auditors","isPartOf":{"@id":"https:\/\/ahs-auditors.com\/#website"},"primaryImageOfPage":{"@id":"https:\/\/ahs-auditors.com\/core-values\/#primaryimage"},"image":{"@id":"https:\/\/ahs-auditors.com\/core-values\/#primaryimage"},"thumbnailUrl":"https:\/\/ahs-auditors.com\/wp-content\/uploads\/2023\/01\/pexels-fauxels-3182755-scaled.jpg","datePublished":"2023-01-19T16:27:23+00:00","dateModified":"2023-01-22T23:32:01+00:00","breadcrumb":{"@id":"https:\/\/ahs-auditors.com\/core-values\/#breadcrumb"},"inLanguage":"tr","potentialAction":[{"@type":"ReadAction","target":["https:\/\/ahs-auditors.com\/core-values\/"]}]},{"@type":"ImageObject","inLanguage":"tr","@id":"https:\/\/ahs-auditors.com\/core-values\/#primaryimage","url":"https:\/\/ahs-auditors.com\/wp-content\/uploads\/2023\/01\/pexels-fauxels-3182755-scaled.jpg","contentUrl":"https:\/\/ahs-auditors.com\/wp-content\/uploads\/2023\/01\/pexels-fauxels-3182755-scaled.jpg"},{"@type":"BreadcrumbList","@id":"https:\/\/ahs-auditors.com\/core-values\/#breadcrumb","itemListElement":[{"@type":"ListItem","position":1,"name":"Home","item":"https:\/\/ahs-auditors.com\/"},{"@type":"ListItem","position":2,"name":"Core Values"}]},{"@type":"WebSite","@id":"https:\/\/ahs-auditors.com\/#website","url":"https:\/\/ahs-auditors.com\/","name":"AHS Auditors","description":"Ahmed Hassan El Sayed - Chartered Accountants, Consultants, and Tax Advisers","publisher":{"@id":"https:\/\/ahs-auditors.com\/#organization"},"potentialAction":[{"@type":"SearchAction","target":{"@type":"EntryPoint","urlTemplate":"https:\/\/ahs-auditors.com\/?s={search_term_string}"},"query-input":{"@type":"PropertyValueSpecification","valueRequired":true,"valueName":"search_term_string"}}],"inLanguage":"tr"},{"@type":"Organization","@id":"https:\/\/ahs-auditors.com\/#organization","name":"AHS Auditors","url":"https:\/\/ahs-auditors.com\/","logo":{"@type":"ImageObject","inLanguage":"tr","@id":"https:\/\/ahs-auditors.com\/#\/schema\/logo\/image\/","url":"https:\/\/ahs-auditors.com\/wp-content\/uploads\/2023\/01\/ahs-1.png","contentUrl":"https:\/\/ahs-auditors.com\/wp-content\/uploads\/2023\/01\/ahs-1.png","width":483,"height":166,"caption":"AHS Auditors"},"image":{"@id":"https:\/\/ahs-auditors.com\/#\/schema\/logo\/image\/"},"sameAs":["https:\/\/www.facebook.com\/ahs.auditors\/","https:\/\/x.com\/ahs_audtiors","https:\/\/www.linkedin.com\/company\/ahs---auditors"]}]}},"_links":{"self":[{"href":"https:\/\/ahs-auditors.com\/tr\/wp-json\/wp\/v2\/pages\/541","targetHints":{"allow":["GET"]}}],"collection":[{"href":"https:\/\/ahs-auditors.com\/tr\/wp-json\/wp\/v2\/pages"}],"about":[{"href":"https:\/\/ahs-auditors.com\/tr\/wp-json\/wp\/v2\/types\/page"}],"author":[{"embeddable":true,"href":"https:\/\/ahs-auditors.com\/tr\/wp-json\/wp\/v2\/users\/1"}],"replies":[{"embeddable":true,"href":"https:\/\/ahs-auditors.com\/tr\/wp-json\/wp\/v2\/comments?post=541"}],"version-history":[{"count":55,"href":"https:\/\/ahs-auditors.com\/tr\/wp-json\/wp\/v2\/pages\/541\/revisions"}],"predecessor-version":[{"id":2665,"href":"https:\/\/ahs-auditors.com\/tr\/wp-json\/wp\/v2\/pages\/541\/revisions\/2665"}],"wp:attachment":[{"href":"https:\/\/ahs-auditors.com\/tr\/wp-json\/wp\/v2\/media?parent=541"}],"curies":[{"name":"wp","href":"https:\/\/api.w.org\/{rel}","templated":true}]}}