{"id":362,"date":"2022-12-30T18:55:11","date_gmt":"2022-12-30T18:55:11","guid":{"rendered":"https:\/\/ahs-auditors.com\/?page_id=362"},"modified":"2023-01-22T23:46:13","modified_gmt":"2023-01-22T23:46:13","slug":"founder","status":"publish","type":"page","link":"https:\/\/ahs-auditors.com\/it\/founder\/","title":{"rendered":"Fondatore"},"content":{"rendered":"<div data-elementor-type=\"wp-page\" data-elementor-id=\"362\" class=\"elementor elementor-362\" data-elementor-post-type=\"page\">\n\t\t\t\t\t\t<section data-particle_enable=\"false\" data-particle-mobile-disabled=\"false\" class=\"elementor-section elementor-top-section elementor-element elementor-element-3d3b3053 elementor-section-boxed elementor-section-height-default elementor-section-height-default\" data-id=\"3d3b3053\" data-element_type=\"section\" data-settings=\"{&quot;ekit_has_onepagescroll_dot&quot;:&quot;yes&quot;}\">\n\t\t\t\t\t\t<div class=\"elementor-container elementor-column-gap-no\">\n\t\t\t\t\t<div class=\"elementor-column elementor-col-100 elementor-top-column elementor-element elementor-element-170ca735\" data-id=\"170ca735\" data-element_type=\"column\">\n\t\t\t<div class=\"elementor-widget-wrap elementor-element-populated\">\n\t\t\t\t\t\t<div class=\"elementor-element elementor-element-1ac59b4c elementor-widget elementor-widget-heading\" data-id=\"1ac59b4c\" data-element_type=\"widget\" data-settings=\"{&quot;ekit_we_effect_on&quot;:&quot;none&quot;}\" data-widget_type=\"heading.default\">\n\t\t\t\t<div class=\"elementor-widget-container\">\n\t\t\t\t\t<span class=\"elementor-heading-title elementor-size-default\">Biografia del fondatore<\/span>\t\t\t\t<\/div>\n\t\t\t\t<\/div>\n\t\t\t\t<div class=\"elementor-element elementor-element-4151ff51 elementor-widget elementor-widget-text-editor\" data-id=\"4151ff51\" data-element_type=\"widget\" data-settings=\"{&quot;ekit_we_effect_on&quot;:&quot;none&quot;}\" data-widget_type=\"text-editor.default\">\n\t\t\t\t<div class=\"elementor-widget-container\">\n\t\t\t\t\t\t\t\t\t<p>Ahmed Hassan El-Sayed Hassan<\/p>\t\t\t\t\t\t\t\t<\/div>\n\t\t\t\t<\/div>\n\t\t\t\t\t<\/div>\n\t\t<\/div>\n\t\t\t\t\t<\/div>\n\t\t<\/section>\n\t\t\t\t<section data-particle_enable=\"false\" data-particle-mobile-disabled=\"false\" class=\"elementor-section elementor-top-section elementor-element elementor-element-116fe887 elementor-section-boxed elementor-section-height-default elementor-section-height-default\" data-id=\"116fe887\" data-element_type=\"section\" data-settings=\"{&quot;ekit_has_onepagescroll_dot&quot;:&quot;yes&quot;}\">\n\t\t\t\t\t\t<div class=\"elementor-container elementor-column-gap-narrow\">\n\t\t\t\t\t<div class=\"elementor-column elementor-col-50 elementor-top-column elementor-element elementor-element-499ea0f5 elementor-invisible\" data-id=\"499ea0f5\" data-element_type=\"column\" data-settings=\"{&quot;animation&quot;:&quot;fadeInLeft&quot;}\">\n\t\t\t<div class=\"elementor-widget-wrap elementor-element-populated\">\n\t\t\t\t\t\t<section data-particle_enable=\"false\" data-particle-mobile-disabled=\"false\" class=\"elementor-section elementor-inner-section elementor-element elementor-element-3585524c elementor-section-boxed elementor-section-height-default elementor-section-height-default\" data-id=\"3585524c\" data-element_type=\"section\" data-settings=\"{&quot;background_background&quot;:&quot;classic&quot;,&quot;ekit_has_onepagescroll_dot&quot;:&quot;yes&quot;}\">\n\t\t\t\t\t\t<div class=\"elementor-container elementor-column-gap-no\">\n\t\t\t\t\t<div class=\"elementor-column elementor-col-100 elementor-inner-column elementor-element elementor-element-609beea5\" data-id=\"609beea5\" data-element_type=\"column\">\n\t\t\t<div class=\"elementor-widget-wrap elementor-element-populated\">\n\t\t\t\t\t\t<div class=\"elementor-element elementor-element-5eda2d19 eael-team-align-centered elementor-widget elementor-widget-eael-team-member\" data-id=\"5eda2d19\" data-element_type=\"widget\" data-settings=\"{&quot;ekit_we_effect_on&quot;:&quot;none&quot;}\" data-widget_type=\"eael-team-member.default\">\n\t\t\t\t<div class=\"elementor-widget-container\">\n\t\t\t\t\t\n\n\t<div id=\"eael-team-member-5eda2d19\" class=\"eael-team-item eael-team-members-simple\">\n\t\t<div class=\"eael-team-item-inner\">\n\t\t\t<div class=\"eael-team-image\">\n\t\t\t\t<figure>\n\t\t\t\t\t\t\t\t\t\t<img decoding=\"async\" src=\"https:\/\/ahs-auditors.com\/wp-content\/uploads\/2022\/12\/profile-pic.png\" alt=\"\">\n\t\t\t\t\t\t\t\t\t<\/figure>\n\t\t\t\t\n\t\t\t\t\n\t\t\t<\/div>\n\n\t\t\t<div class=\"eael-team-content\">\n\t\t\t\t<h2 class=\"eael-team-member-name\">Ahmed Hassan El-Sayed<\/h2><h3 class=\"eael-team-member-position\">Fondatore e CEO<\/h3>\n\t\t\t\t\t\t\t\t\t\t\t\t\t\t<p class=\"eael-team-text\"><\/p>\n\t\t\t\t\t\t\t<\/div>\n\t\t<\/div>\n\t<\/div>\n\t\t\t\t\t<\/div>\n\t\t\t\t<\/div>\n\t\t\t\t<div class=\"elementor-element elementor-element-7d5267b elementor-widget elementor-widget-text-editor\" data-id=\"7d5267b\" data-element_type=\"widget\" data-settings=\"{&quot;ekit_we_effect_on&quot;:&quot;none&quot;}\" data-widget_type=\"text-editor.default\">\n\t\t\t\t<div class=\"elementor-widget-container\">\n\t\t\t\t\t\t\t\t\t<p>Dottore Commercialista e Revisore Contabile<\/p>\t\t\t\t\t\t\t\t<\/div>\n\t\t\t\t<\/div>\n\t\t\t\t<div class=\"elementor-element elementor-element-49f92183 elementor-widget-divider--view-line elementor-widget elementor-widget-divider\" data-id=\"49f92183\" data-element_type=\"widget\" data-settings=\"{&quot;ekit_we_effect_on&quot;:&quot;none&quot;}\" data-widget_type=\"divider.default\">\n\t\t\t\t<div class=\"elementor-widget-container\">\n\t\t\t\t\t\t\t<div class=\"elementor-divider\">\n\t\t\t<span class=\"elementor-divider-separator\">\n\t\t\t\t\t\t<\/span>\n\t\t<\/div>\n\t\t\t\t\t\t<\/div>\n\t\t\t\t<\/div>\n\t\t\t\t<div class=\"elementor-element elementor-element-5fcaee4d eael-dual-header-content-align-center elementor-widget elementor-widget-eael-dual-color-header\" data-id=\"5fcaee4d\" data-element_type=\"widget\" data-settings=\"{&quot;ekit_we_effect_on&quot;:&quot;none&quot;}\" data-widget_type=\"eael-dual-color-header.default\">\n\t\t\t\t<div class=\"elementor-widget-container\">\n\t\t\t\t\t\t\t\t<div class=\"eael-dual-header\">\n\t\t\t\t<h2 class=\"title eael-dch-title\"><span class=\"eael-dch-title-text eael-dch-title-lead lead solid-color\">E-mail :<\/span> <span class=\"eael-dch-title-text\">ahmed@ahs-auditors.com<\/span><\/h2>\t\t\t<\/div>\n\n\t\t\t\t\t\t<\/div>\n\t\t\t\t<\/div>\n\t\t\t\t\t<\/div>\n\t\t<\/div>\n\t\t\t\t\t<\/div>\n\t\t<\/section>\n\t\t\t\t\t<\/div>\n\t\t<\/div>\n\t\t\t\t<div class=\"elementor-column elementor-col-50 elementor-top-column elementor-element elementor-element-56d41173\" data-id=\"56d41173\" data-element_type=\"column\">\n\t\t\t<div class=\"elementor-widget-wrap elementor-element-populated\">\n\t\t\t\t\t\t<div class=\"elementor-element elementor-element-28f93393 reverse-text elementor-invisible elementor-widget elementor-widget-heading\" data-id=\"28f93393\" data-element_type=\"widget\" data-settings=\"{&quot;_animation&quot;:&quot;fadeInRight&quot;,&quot;ekit_we_effect_on&quot;:&quot;none&quot;}\" data-widget_type=\"heading.default\">\n\t\t\t\t<div class=\"elementor-widget-container\">\n\t\t\t\t\t<span class=\"elementor-heading-title elementor-size-default\">Brevemente su di me<\/span>\t\t\t\t<\/div>\n\t\t\t\t<\/div>\n\t\t\t\t<div class=\"elementor-element elementor-element-4ed1ae5a elementor-invisible elementor-widget elementor-widget-text-editor\" data-id=\"4ed1ae5a\" data-element_type=\"widget\" data-settings=\"{&quot;_animation&quot;:&quot;fadeInRight&quot;,&quot;ekit_we_effect_on&quot;:&quot;none&quot;}\" data-widget_type=\"text-editor.default\">\n\t\t\t\t<div class=\"elementor-widget-container\">\n\t\t\t\t\t\t\t\t\t<p class=\"reverse-text\" style=\"text-align: left;\">Dottore Commercialista e Revisore Contabile e Osservatore di societ\u00e0 di capitali in Egitto<\/p><p>Membro di:<\/p><ul><li>La Societ\u00e0 Egiziana dei Contabili e dei Revisori dei Conti (ESAA)<\/li><li>La societ\u00e0 fiscale egiziana (ETS)<\/li><li>L&#039;autorit\u00e0 statale egiziana per la responsabilit\u00e0<\/li><li>Auditor presso Autorit\u00e0 di vigilanza Finical egiziana \u2013 Attivit\u00e0 di microfinanza<\/li><\/ul><p>e molti altri certificati e societ\u00e0 professionali<\/p><p>Ho conseguito la laurea in Contabilit\u00e0 e il Diploma post-laurea in Contabilit\u00e0 e revisione contabile presso la Facolt\u00e0 di Commercio, Universit\u00e0 di Alessandria - Egitto, ho un&#039;esperienza lavorativa in importanti societ\u00e0 di contabilit\u00e0 in Egitto, Qatar e Regno dell&#039;Arabia Saudita.<\/p>\t\t\t\t\t\t\t\t<\/div>\n\t\t\t\t<\/div>\n\t\t\t\t<div class=\"elementor-element elementor-element-23f69042 reverse-text elementor-invisible elementor-widget elementor-widget-heading\" data-id=\"23f69042\" data-element_type=\"widget\" data-settings=\"{&quot;_animation&quot;:&quot;fadeInUp&quot;,&quot;_animation_delay&quot;:100,&quot;ekit_we_effect_on&quot;:&quot;none&quot;}\" data-widget_type=\"heading.default\">\n\t\t\t\t<div class=\"elementor-widget-container\">\n\t\t\t\t\t<span class=\"elementor-heading-title elementor-size-default\">I miei profili social<\/span>\t\t\t\t<\/div>\n\t\t\t\t<\/div>\n\t\t\t\t<div class=\"elementor-element elementor-element-fd5c321 e-grid-align-mobile-center elementor-shape-rounded elementor-grid-0 elementor-invisible elementor-widget elementor-widget-social-icons\" data-id=\"fd5c321\" data-element_type=\"widget\" data-settings=\"{&quot;_animation&quot;:&quot;fadeInUp&quot;,&quot;_animation_delay&quot;:100,&quot;ekit_we_effect_on&quot;:&quot;none&quot;}\" data-widget_type=\"social-icons.default\">\n\t\t\t\t<div class=\"elementor-widget-container\">\n\t\t\t\t\t\t\t<div class=\"elementor-social-icons-wrapper elementor-grid\" role=\"list\">\n\t\t\t\t\t\t\t<span class=\"elementor-grid-item\" role=\"listitem\">\n\t\t\t\t\t<a class=\"elementor-icon elementor-social-icon elementor-social-icon-facebook elementor-repeater-item-5f1bb6a\" href=\"https:\/\/www.facebook.com\/ahmed.h.elsayed.7\/\" target=\"_blank\">\n\t\t\t\t\t\t<span class=\"elementor-screen-only\">Facebook<\/span>\n\t\t\t\t\t\t<i aria-hidden=\"true\" class=\"fab fa-facebook\"><\/i>\t\t\t\t\t<\/a>\n\t\t\t\t<\/span>\n\t\t\t\t\t\t\t<span class=\"elementor-grid-item\" role=\"listitem\">\n\t\t\t\t\t<a class=\"elementor-icon elementor-social-icon elementor-social-icon-linkedin elementor-repeater-item-13365e1\" href=\"https:\/\/www.linkedin.com\/in\/ahmed-hassan-el-sayed-718676123\/\" target=\"_blank\">\n\t\t\t\t\t\t<span class=\"elementor-screen-only\">Linkedin<\/span>\n\t\t\t\t\t\t<i aria-hidden=\"true\" class=\"fab fa-linkedin\"><\/i>\t\t\t\t\t<\/a>\n\t\t\t\t<\/span>\n\t\t\t\t\t<\/div>\n\t\t\t\t\t\t<\/div>\n\t\t\t\t<\/div>\n\t\t\t\t\t<\/div>\n\t\t<\/div>\n\t\t\t\t\t<\/div>\n\t\t<\/section>\n\t\t\t\t<\/div>","protected":false},"excerpt":{"rendered":"<p>Biografia del fondatore Ahmed Hassan El-Sayed Hassan Ahmed Hassan El-Sayed Fondatore e CEO Dottore Commercialista e Revisore dei conti Email: ahmed@ahs-auditors.com Brevemente su di me Dottore Commercialista e Revisore dei conti<span class=\"excerpt-hellip\"> [\u2026]<\/span><\/p>","protected":false},"author":1,"featured_media":0,"parent":0,"menu_order":0,"comment_status":"closed","ping_status":"closed","template":"elementor_header_footer","meta":{"footnotes":""},"class_list":["post-362","page","type-page","status-publish","hentry"],"yoast_head":"<!-- This site is optimized with the Yoast SEO plugin v27.2 - https:\/\/yoast.com\/product\/yoast-seo-wordpress\/ -->\n<title>Founder - AHS Auditors<\/title>\n<meta name=\"robots\" content=\"index, follow, max-snippet:-1, max-image-preview:large, max-video-preview:-1\" \/>\n<link rel=\"canonical\" href=\"https:\/\/ahs-auditors.com\/it\/founder\/\" \/>\n<meta property=\"og:locale\" content=\"it_IT\" \/>\n<meta property=\"og:type\" content=\"article\" \/>\n<meta property=\"og:title\" content=\"Founder - AHS Auditors\" \/>\n<meta property=\"og:description\" content=\"Founder&#8217;s biography Ahmed Hassan El-Sayed Hassan Ahmed Hassan El-Sayed Founder &amp; CEO Chartered Accountant and Auditor Email : ahmed@ahs-auditors.com Shortly About Me Chartered Accountant and Auditor [\u2026]\" \/>\n<meta property=\"og:url\" content=\"https:\/\/ahs-auditors.com\/it\/founder\/\" \/>\n<meta property=\"og:site_name\" content=\"AHS Auditors\" \/>\n<meta property=\"article:publisher\" content=\"https:\/\/www.facebook.com\/ahs.auditors\/\" \/>\n<meta property=\"article:modified_time\" content=\"2023-01-22T23:46:13+00:00\" \/>\n<meta property=\"og:image\" content=\"https:\/\/ahs-auditors.com\/wp-content\/uploads\/2023\/01\/ahs-1.png\" \/>\n\t<meta property=\"og:image:width\" content=\"483\" \/>\n\t<meta property=\"og:image:height\" content=\"166\" \/>\n\t<meta property=\"og:image:type\" content=\"image\/png\" \/>\n<meta name=\"twitter:card\" content=\"summary_large_image\" \/>\n<meta name=\"twitter:site\" content=\"@ahs_audtiors\" \/>\n<meta name=\"twitter:label1\" content=\"Tempo di lettura stimato\" \/>\n\t<meta name=\"twitter:data1\" content=\"1 minuto\" \/>\n<script type=\"application\/ld+json\" class=\"yoast-schema-graph\">{\"@context\":\"https:\/\/schema.org\",\"@graph\":[{\"@type\":\"WebPage\",\"@id\":\"https:\/\/ahs-auditors.com\/founder\/\",\"url\":\"https:\/\/ahs-auditors.com\/founder\/\",\"name\":\"Founder - AHS Auditors\",\"isPartOf\":{\"@id\":\"https:\/\/ahs-auditors.com\/#website\"},\"primaryImageOfPage\":{\"@id\":\"https:\/\/ahs-auditors.com\/founder\/#primaryimage\"},\"image\":{\"@id\":\"https:\/\/ahs-auditors.com\/founder\/#primaryimage\"},\"thumbnailUrl\":\"https:\/\/ahs-auditors.com\/wp-content\/uploads\/2022\/12\/profile-pic.png\",\"datePublished\":\"2022-12-30T18:55:11+00:00\",\"dateModified\":\"2023-01-22T23:46:13+00:00\",\"breadcrumb\":{\"@id\":\"https:\/\/ahs-auditors.com\/founder\/#breadcrumb\"},\"inLanguage\":\"it-IT\",\"potentialAction\":[{\"@type\":\"ReadAction\",\"target\":[\"https:\/\/ahs-auditors.com\/founder\/\"]}]},{\"@type\":\"ImageObject\",\"inLanguage\":\"it-IT\",\"@id\":\"https:\/\/ahs-auditors.com\/founder\/#primaryimage\",\"url\":\"https:\/\/ahs-auditors.com\/wp-content\/uploads\/2022\/12\/profile-pic.png\",\"contentUrl\":\"https:\/\/ahs-auditors.com\/wp-content\/uploads\/2022\/12\/profile-pic.png\"},{\"@type\":\"BreadcrumbList\",\"@id\":\"https:\/\/ahs-auditors.com\/founder\/#breadcrumb\",\"itemListElement\":[{\"@type\":\"ListItem\",\"position\":1,\"name\":\"Home\",\"item\":\"https:\/\/ahs-auditors.com\/\"},{\"@type\":\"ListItem\",\"position\":2,\"name\":\"Founder\"}]},{\"@type\":\"WebSite\",\"@id\":\"https:\/\/ahs-auditors.com\/#website\",\"url\":\"https:\/\/ahs-auditors.com\/\",\"name\":\"AHS Auditors\",\"description\":\"Ahmed Hassan El Sayed - Chartered Accountants, Consultants, and Tax Advisers\",\"publisher\":{\"@id\":\"https:\/\/ahs-auditors.com\/#organization\"},\"potentialAction\":[{\"@type\":\"SearchAction\",\"target\":{\"@type\":\"EntryPoint\",\"urlTemplate\":\"https:\/\/ahs-auditors.com\/?s={search_term_string}\"},\"query-input\":{\"@type\":\"PropertyValueSpecification\",\"valueRequired\":true,\"valueName\":\"search_term_string\"}}],\"inLanguage\":\"it-IT\"},{\"@type\":\"Organization\",\"@id\":\"https:\/\/ahs-auditors.com\/#organization\",\"name\":\"AHS Auditors\",\"url\":\"https:\/\/ahs-auditors.com\/\",\"logo\":{\"@type\":\"ImageObject\",\"inLanguage\":\"it-IT\",\"@id\":\"https:\/\/ahs-auditors.com\/#\/schema\/logo\/image\/\",\"url\":\"https:\/\/ahs-auditors.com\/wp-content\/uploads\/2023\/01\/ahs-1.png\",\"contentUrl\":\"https:\/\/ahs-auditors.com\/wp-content\/uploads\/2023\/01\/ahs-1.png\",\"width\":483,\"height\":166,\"caption\":\"AHS Auditors\"},\"image\":{\"@id\":\"https:\/\/ahs-auditors.com\/#\/schema\/logo\/image\/\"},\"sameAs\":[\"https:\/\/www.facebook.com\/ahs.auditors\/\",\"https:\/\/x.com\/ahs_audtiors\",\"https:\/\/www.linkedin.com\/company\/ahs---auditors\"]}]}<\/script>\n<!-- \/ Yoast SEO plugin. -->","yoast_head_json":{"title":"Founder - AHS Auditors","robots":{"index":"index","follow":"follow","max-snippet":"max-snippet:-1","max-image-preview":"max-image-preview:large","max-video-preview":"max-video-preview:-1"},"canonical":"https:\/\/ahs-auditors.com\/it\/founder\/","og_locale":"it_IT","og_type":"article","og_title":"Founder - AHS Auditors","og_description":"Founder&#8217;s biography Ahmed Hassan El-Sayed Hassan Ahmed Hassan El-Sayed Founder &amp; CEO Chartered Accountant and Auditor Email : ahmed@ahs-auditors.com Shortly About Me Chartered Accountant and Auditor [\u2026]","og_url":"https:\/\/ahs-auditors.com\/it\/founder\/","og_site_name":"AHS Auditors","article_publisher":"https:\/\/www.facebook.com\/ahs.auditors\/","article_modified_time":"2023-01-22T23:46:13+00:00","og_image":[{"width":483,"height":166,"url":"https:\/\/ahs-auditors.com\/wp-content\/uploads\/2023\/01\/ahs-1.png","type":"image\/png"}],"twitter_card":"summary_large_image","twitter_site":"@ahs_audtiors","twitter_misc":{"Tempo di lettura stimato":"1 minuto"},"schema":{"@context":"https:\/\/schema.org","@graph":[{"@type":"WebPage","@id":"https:\/\/ahs-auditors.com\/founder\/","url":"https:\/\/ahs-auditors.com\/founder\/","name":"Founder - AHS Auditors","isPartOf":{"@id":"https:\/\/ahs-auditors.com\/#website"},"primaryImageOfPage":{"@id":"https:\/\/ahs-auditors.com\/founder\/#primaryimage"},"image":{"@id":"https:\/\/ahs-auditors.com\/founder\/#primaryimage"},"thumbnailUrl":"https:\/\/ahs-auditors.com\/wp-content\/uploads\/2022\/12\/profile-pic.png","datePublished":"2022-12-30T18:55:11+00:00","dateModified":"2023-01-22T23:46:13+00:00","breadcrumb":{"@id":"https:\/\/ahs-auditors.com\/founder\/#breadcrumb"},"inLanguage":"it-IT","potentialAction":[{"@type":"ReadAction","target":["https:\/\/ahs-auditors.com\/founder\/"]}]},{"@type":"ImageObject","inLanguage":"it-IT","@id":"https:\/\/ahs-auditors.com\/founder\/#primaryimage","url":"https:\/\/ahs-auditors.com\/wp-content\/uploads\/2022\/12\/profile-pic.png","contentUrl":"https:\/\/ahs-auditors.com\/wp-content\/uploads\/2022\/12\/profile-pic.png"},{"@type":"BreadcrumbList","@id":"https:\/\/ahs-auditors.com\/founder\/#breadcrumb","itemListElement":[{"@type":"ListItem","position":1,"name":"Home","item":"https:\/\/ahs-auditors.com\/"},{"@type":"ListItem","position":2,"name":"Founder"}]},{"@type":"WebSite","@id":"https:\/\/ahs-auditors.com\/#website","url":"https:\/\/ahs-auditors.com\/","name":"AHS Auditors","description":"Ahmed Hassan El Sayed - Chartered Accountants, Consultants, and Tax Advisers","publisher":{"@id":"https:\/\/ahs-auditors.com\/#organization"},"potentialAction":[{"@type":"SearchAction","target":{"@type":"EntryPoint","urlTemplate":"https:\/\/ahs-auditors.com\/?s={search_term_string}"},"query-input":{"@type":"PropertyValueSpecification","valueRequired":true,"valueName":"search_term_string"}}],"inLanguage":"it-IT"},{"@type":"Organization","@id":"https:\/\/ahs-auditors.com\/#organization","name":"AHS Auditors","url":"https:\/\/ahs-auditors.com\/","logo":{"@type":"ImageObject","inLanguage":"it-IT","@id":"https:\/\/ahs-auditors.com\/#\/schema\/logo\/image\/","url":"https:\/\/ahs-auditors.com\/wp-content\/uploads\/2023\/01\/ahs-1.png","contentUrl":"https:\/\/ahs-auditors.com\/wp-content\/uploads\/2023\/01\/ahs-1.png","width":483,"height":166,"caption":"AHS Auditors"},"image":{"@id":"https:\/\/ahs-auditors.com\/#\/schema\/logo\/image\/"},"sameAs":["https:\/\/www.facebook.com\/ahs.auditors\/","https:\/\/x.com\/ahs_audtiors","https:\/\/www.linkedin.com\/company\/ahs---auditors"]}]}},"_links":{"self":[{"href":"https:\/\/ahs-auditors.com\/it\/wp-json\/wp\/v2\/pages\/362","targetHints":{"allow":["GET"]}}],"collection":[{"href":"https:\/\/ahs-auditors.com\/it\/wp-json\/wp\/v2\/pages"}],"about":[{"href":"https:\/\/ahs-auditors.com\/it\/wp-json\/wp\/v2\/types\/page"}],"author":[{"embeddable":true,"href":"https:\/\/ahs-auditors.com\/it\/wp-json\/wp\/v2\/users\/1"}],"replies":[{"embeddable":true,"href":"https:\/\/ahs-auditors.com\/it\/wp-json\/wp\/v2\/comments?post=362"}],"version-history":[{"count":32,"href":"https:\/\/ahs-auditors.com\/it\/wp-json\/wp\/v2\/pages\/362\/revisions"}],"predecessor-version":[{"id":2689,"href":"https:\/\/ahs-auditors.com\/it\/wp-json\/wp\/v2\/pages\/362\/revisions\/2689"}],"wp:attachment":[{"href":"https:\/\/ahs-auditors.com\/it\/wp-json\/wp\/v2\/media?parent=362"}],"curies":[{"name":"wp","href":"https:\/\/api.w.org\/{rel}","templated":true}]}}