{"id":541,"date":"2023-01-19T16:27:23","date_gmt":"2023-01-19T16:27:23","guid":{"rendered":"https:\/\/ahs-auditors.com\/?page_id=541"},"modified":"2023-01-22T23:32:01","modified_gmt":"2023-01-22T23:32:01","slug":"core-values","status":"publish","type":"page","link":"https:\/\/ahs-auditors.com\/fr\/core-values\/","title":{"rendered":"Valeurs fondamentales"},"content":{"rendered":"<div data-elementor-type=\"wp-page\" data-elementor-id=\"541\" class=\"elementor elementor-541\" data-elementor-post-type=\"page\">\n\t\t\t\t\t\t<section data-particle_enable=\"false\" data-particle-mobile-disabled=\"false\" class=\"elementor-section elementor-top-section elementor-element elementor-element-4ab93c0a elementor-section-stretched elementor-section-boxed elementor-section-height-default elementor-section-height-default\" data-id=\"4ab93c0a\" data-element_type=\"section\" data-settings=\"{&quot;stretch_section&quot;:&quot;section-stretched&quot;,&quot;ekit_has_onepagescroll_dot&quot;:&quot;yes&quot;}\">\n\t\t\t\t\t\t<div class=\"elementor-container elementor-column-gap-no\">\n\t\t\t\t\t<div class=\"elementor-column elementor-col-100 elementor-top-column elementor-element elementor-element-68fb5cae\" data-id=\"68fb5cae\" data-element_type=\"column\">\n\t\t\t<div class=\"elementor-widget-wrap elementor-element-populated\">\n\t\t\t\t\t\t<div class=\"elementor-element elementor-element-49f140c9 elementor-widget elementor-widget-heading\" data-id=\"49f140c9\" data-element_type=\"widget\" data-settings=\"{&quot;ekit_we_effect_on&quot;:&quot;none&quot;}\" data-widget_type=\"heading.default\">\n\t\t\t\t<div class=\"elementor-widget-container\">\n\t\t\t\t\t<span class=\"elementor-heading-title elementor-size-default\">Nos valeurs fondamentales<\/span>\t\t\t\t<\/div>\n\t\t\t\t<\/div>\n\t\t\t\t<div class=\"elementor-element elementor-element-163aaf8b elementor-widget elementor-widget-text-editor\" data-id=\"163aaf8b\" data-element_type=\"widget\" data-settings=\"{&quot;ekit_we_effect_on&quot;:&quot;none&quot;}\" data-widget_type=\"text-editor.default\">\n\t\t\t\t<div class=\"elementor-widget-container\">\n\t\t\t\t\t\t\t\t\t<p>Avant tout, Ahmed Hassan El Sayed - experts-comptables, consultants et conseillers fiscaux - s&#039;efforcent constamment de respecter les normes professionnelles les plus \u00e9lev\u00e9es et de conseiller judicieusement nos clients tout en pr\u00e9servant notre ind\u00e9pendance. Nous sommes ouverts et honn\u00eates dans notre communication et \u00e9change d&#039;informations en fournissant des services et des conseils fr\u00e9quemment et de mani\u00e8re constructive avec la gestion des situations difficiles.<\/p>\t\t\t\t\t\t\t\t<\/div>\n\t\t\t\t<\/div>\n\t\t\t\t\t<\/div>\n\t\t<\/div>\n\t\t\t\t\t<\/div>\n\t\t<\/section>\n\t\t\t\t<section data-particle_enable=\"false\" data-particle-mobile-disabled=\"false\" class=\"elementor-section elementor-top-section elementor-element elementor-element-4b911e85 elementor-reverse-tablet elementor-reverse-mobile elementor-section-stretched elementor-section-boxed elementor-section-height-default elementor-section-height-default\" data-id=\"4b911e85\" data-element_type=\"section\" data-settings=\"{&quot;background_background&quot;:&quot;classic&quot;,&quot;stretch_section&quot;:&quot;section-stretched&quot;,&quot;ekit_has_onepagescroll_dot&quot;:&quot;yes&quot;}\">\n\t\t\t\t\t\t<div class=\"elementor-container elementor-column-gap-no\">\n\t\t\t\t\t<div class=\"elementor-column elementor-col-50 elementor-top-column elementor-element elementor-element-1cc8223a\" data-id=\"1cc8223a\" data-element_type=\"column\" data-settings=\"{&quot;background_background&quot;:&quot;classic&quot;}\">\n\t\t\t<div class=\"elementor-widget-wrap elementor-element-populated\">\n\t\t\t\t\t<div class=\"elementor-background-overlay\"><\/div>\n\t\t\t\t\t\t<div class=\"elementor-element elementor-element-cbf64c1 reverse-text elementor-widget elementor-widget-heading\" data-id=\"cbf64c1\" data-element_type=\"widget\" data-settings=\"{&quot;ekit_we_effect_on&quot;:&quot;none&quot;}\" data-widget_type=\"heading.default\">\n\t\t\t\t<div class=\"elementor-widget-container\">\n\t\t\t\t\t<h5 class=\"elementor-heading-title elementor-size-default\">Nous maintenons nos valeurs fondamentales <\/h5>\t\t\t\t<\/div>\n\t\t\t\t<\/div>\n\t\t\t\t<div class=\"elementor-element elementor-element-48ccea97 elementor-widget elementor-widget-heading\" data-id=\"48ccea97\" data-element_type=\"widget\" data-settings=\"{&quot;ekit_we_effect_on&quot;:&quot;none&quot;}\" data-widget_type=\"heading.default\">\n\t\t\t\t<div class=\"elementor-widget-container\">\n\t\t\t\t\t<p class=\"elementor-heading-title elementor-size-default\">Conform\u00e9ment \u00e0 une telle politique, nous, dans notre bureau, adh\u00e9rons aux valeurs et principes fondamentaux suivants<\/p>\t\t\t\t<\/div>\n\t\t\t\t<\/div>\n\t\t\t\t<div class=\"elementor-element elementor-element-5d3e1398 reverse-text elementor-widget elementor-widget-eael-feature-list\" data-id=\"5d3e1398\" data-element_type=\"widget\" data-settings=\"{&quot;ekit_we_effect_on&quot;:&quot;none&quot;}\" data-widget_type=\"eael-feature-list.default\">\n\t\t\t\t<div class=\"elementor-widget-container\">\n\t\t\t\t\t\t\t<div class=\"-icon-position-left -tablet-icon-position-left -mobile-icon-position-right\">\n\t\t\t<ul id=\"eael-feature-list-5d3e1398\" class=\"eael-feature-list-items rhombus stacked connector-type-classic eael-feature-list-vertical\" data-layout-tablet=\"vertical\" data-layout-mobile=\"vertical\">\n\t\t\t                <li class=\"eael-feature-list-item elementor-repeater-item-34cd99c\">\n                                            <span class=\"connector\" style=\"right: calc(100% - 85px); left: 0;\"><\/span>\n                        <span class=\"connector connector-tablet\" style=\"right: calc(100% - 85px); left: 0;\"><\/span>\n                        <span class=\"connector connector-mobile\" style=\"left: calc(100% - 85px); right: 0;\"><\/span>\n                    \n\t\t\t\t\t\t<div class=\"eael-feature-list-icon-box\">\n\t\t\t\t\t\t\t<div class=\"eael-feature-list-icon-inner\">\n\n\t\t\t\t\t\t\t\t<span class=\"eael-feature-list-icon fl-icon-0\">\n\n\t\t<i aria-hidden=\"true\" class=\"fas fa-gem\"><\/i>\t\t\t\t\t\t\t\t<\/span>\n\t\t\t\t\t\t\t<\/div>\n\t\t\t\t\t\t<\/div>\n\t\t\t\t\t\t<div class=\"eael-feature-list-content-box\">\n                            <h2 class=\"eael-feature-list-title\">Une philosophie simple - Aider les clients \u00e0 r\u00e9ussir<\/h2>\t\t\t\t\t\t<p class=\"eael-feature-list-content\">Nous voulons aider les clients \u00e0 r\u00e9ussir. C&#039;est pourquoi nous affectons \u00e0 chaque client une \u00e9quipe de service client d\u00e9di\u00e9e dirig\u00e9e par un associ\u00e9 et un responsable.<\/p>\n\t\t\t\t\t\t<\/div>\n\n\t\t\t\t\t<\/li>\n\t\t\t\t                <li class=\"eael-feature-list-item elementor-repeater-item-d0dac0b\">\n                                            <span class=\"connector\" style=\"right: calc(100% - 85px); left: 0;\"><\/span>\n                        <span class=\"connector connector-tablet\" style=\"right: calc(100% - 85px); left: 0;\"><\/span>\n                        <span class=\"connector connector-mobile\" style=\"left: calc(100% - 85px); right: 0;\"><\/span>\n                    \n\t\t\t\t\t\t<div class=\"eael-feature-list-icon-box\">\n\t\t\t\t\t\t\t<div class=\"eael-feature-list-icon-inner\">\n\n\t\t\t\t\t\t\t\t<span class=\"eael-feature-list-icon fl-icon-1\">\n\n\t\t<i aria-hidden=\"true\" class=\"fas fa-gem\"><\/i>\t\t\t\t\t\t\t\t<\/span>\n\t\t\t\t\t\t\t<\/div>\n\t\t\t\t\t\t<\/div>\n\t\t\t\t\t\t<div class=\"eael-feature-list-content-box\">\n                            <h2 class=\"eael-feature-list-title\">Notre objectif - Une gamme compl\u00e8te de services de haute qualit\u00e9<\/h2>\t\t\t\t\t\t<p class=\"eael-feature-list-content\">Conseils sp\u00e9cialis\u00e9s pour les entreprises entrepreneuriales, les organisations \u00e0 but non lucratif et les particuliers.<\/p>\n\t\t\t\t\t\t<\/div>\n\n\t\t\t\t\t<\/li>\n\t\t\t\t                <li class=\"eael-feature-list-item elementor-repeater-item-d811507\">\n                                            <span class=\"connector\" style=\"right: calc(100% - 85px); left: 0;\"><\/span>\n                        <span class=\"connector connector-tablet\" style=\"right: calc(100% - 85px); left: 0;\"><\/span>\n                        <span class=\"connector connector-mobile\" style=\"left: calc(100% - 85px); right: 0;\"><\/span>\n                    \n\t\t\t\t\t\t<div class=\"eael-feature-list-icon-box\">\n\t\t\t\t\t\t\t<div class=\"eael-feature-list-icon-inner\">\n\n\t\t\t\t\t\t\t\t<span class=\"eael-feature-list-icon fl-icon-2\">\n\n\t\t<i aria-hidden=\"true\" class=\"fas fa-gem\"><\/i>\t\t\t\t\t\t\t\t<\/span>\n\t\t\t\t\t\t\t<\/div>\n\t\t\t\t\t\t<\/div>\n\t\t\t\t\t\t<div class=\"eael-feature-list-content-box\">\n                            <h2 class=\"eael-feature-list-title\">Force internationale<\/h2>\t\t\t\t\t\t<p class=\"eael-feature-list-content\">Des r\u00e9gions cl\u00e9s ont \u00e9t\u00e9 \u00e9tablies et sont respectivement coordonn\u00e9es par des cadres r\u00e9gionaux en Europe, au Moyen-Orient et en Afrique (EMEA).<\/p>\n\t\t\t\t\t\t<\/div>\n\n\t\t\t\t\t<\/li>\n\t\t\t\t                <li class=\"eael-feature-list-item elementor-repeater-item-6417b82\">\n                                            <span class=\"connector\" style=\"right: calc(100% - 85px); left: 0;\"><\/span>\n                        <span class=\"connector connector-tablet\" style=\"right: calc(100% - 85px); left: 0;\"><\/span>\n                        <span class=\"connector connector-mobile\" style=\"left: calc(100% - 85px); right: 0;\"><\/span>\n                    \n\t\t\t\t\t\t<div class=\"eael-feature-list-icon-box\">\n\t\t\t\t\t\t\t<div class=\"eael-feature-list-icon-inner\">\n\n\t\t\t\t\t\t\t\t<span class=\"eael-feature-list-icon fl-icon-3\">\n\n\t\t<i aria-hidden=\"true\" class=\"fas fa-gem\"><\/i>\t\t\t\t\t\t\t\t<\/span>\n\t\t\t\t\t\t\t<\/div>\n\t\t\t\t\t\t<\/div>\n\t\t\t\t\t\t<div class=\"eael-feature-list-content-box\">\n                            <h2 class=\"eael-feature-list-title\">Notre diversit\u00e9 - votre priorit\u00e9<\/h2>\t\t\t\t\t\t<p class=\"eael-feature-list-content\">Une large gamme de services pour chaque \u00e9tape de la croissance de votre organisation.<\/p>\n\t\t\t\t\t\t<\/div>\n\n\t\t\t\t\t<\/li>\n\t\t\t\t                <li class=\"eael-feature-list-item elementor-repeater-item-8f319a8\">\n                                            <span class=\"connector\" style=\"right: calc(100% - 85px); left: 0;\"><\/span>\n                        <span class=\"connector connector-tablet\" style=\"right: calc(100% - 85px); left: 0;\"><\/span>\n                        <span class=\"connector connector-mobile\" style=\"left: calc(100% - 85px); right: 0;\"><\/span>\n                    \n\t\t\t\t\t\t<div class=\"eael-feature-list-icon-box\">\n\t\t\t\t\t\t\t<div class=\"eael-feature-list-icon-inner\">\n\n\t\t\t\t\t\t\t\t<span class=\"eael-feature-list-icon fl-icon-4\">\n\n\t\t<i aria-hidden=\"true\" class=\"fas fa-gem\"><\/i>\t\t\t\t\t\t\t\t<\/span>\n\t\t\t\t\t\t\t<\/div>\n\t\t\t\t\t\t<\/div>\n\t\t\t\t\t\t<div class=\"eael-feature-list-content-box\">\n                            <h2 class=\"eael-feature-list-title\">Synergie - faire la diff\u00e9rence<\/h2>\t\t\t\t\t\t<p class=\"eael-feature-list-content\">Le r\u00f4le de votre \u00e9quipe de service client est d&#039;adapter le bon service au moment o\u00f9 vous en avez besoin.<\/p>\n\t\t\t\t\t\t<\/div>\n\n\t\t\t\t\t<\/li>\n\t\t\t\t                <li class=\"eael-feature-list-item elementor-repeater-item-17aa6df\">\n                                            <span class=\"connector\" style=\"right: calc(100% - 85px); left: 0;\"><\/span>\n                        <span class=\"connector connector-tablet\" style=\"right: calc(100% - 85px); left: 0;\"><\/span>\n                        <span class=\"connector connector-mobile\" style=\"left: calc(100% - 85px); right: 0;\"><\/span>\n                    \n\t\t\t\t\t\t<div class=\"eael-feature-list-icon-box\">\n\t\t\t\t\t\t\t<div class=\"eael-feature-list-icon-inner\">\n\n\t\t\t\t\t\t\t\t<span class=\"eael-feature-list-icon fl-icon-5\">\n\n\t\t<i aria-hidden=\"true\" class=\"fas fa-gem\"><\/i>\t\t\t\t\t\t\t\t<\/span>\n\t\t\t\t\t\t\t<\/div>\n\t\t\t\t\t\t<\/div>\n\t\t\t\t\t\t<div class=\"eael-feature-list-content-box\">\n                            <h2 class=\"eael-feature-list-title\">Emplacements et vari\u00e9t\u00e9 de services<\/h2>\t\t\t\t\t\t<p class=\"eael-feature-list-content\">Notre personnel professionnel en \u00c9gypte est plus que de simples auditeurs, consultants ou conseillers fiscaux. Ils sont tout cela et bien plus encore. Ils sont \u00e9galement reconnus comme prestataires de services financiers et de conseil en plus de l&#039;audit et du conseil fiscal, y compris la comptabilit\u00e9, le conseil en gestion, le conseil en syst\u00e8mes d&#039;information et d&#039;autres services de conseil.<\/p>\n\t\t\t\t\t\t<\/div>\n\n\t\t\t\t\t<\/li>\n\t\t\t\t\t\t\t<\/ul>\n\t\t<\/div>\n\t\t\t\t\t\t<\/div>\n\t\t\t\t<\/div>\n\t\t\t\t\t<\/div>\n\t\t<\/div>\n\t\t\t\t<div class=\"elementor-column elementor-col-50 elementor-top-column elementor-element elementor-element-6bb0890 elementor-hidden-tablet elementor-hidden-mobile\" data-id=\"6bb0890\" data-element_type=\"column\">\n\t\t\t<div class=\"elementor-widget-wrap elementor-element-populated\">\n\t\t\t\t\t\t<div class=\"elementor-element elementor-element-ac8f051 animated-slow elementor-invisible elementor-widget elementor-widget-image\" data-id=\"ac8f051\" data-element_type=\"widget\" data-settings=\"{&quot;_animation&quot;:&quot;fadeInUp&quot;,&quot;_animation_delay&quot;:400,&quot;ekit_we_effect_on&quot;:&quot;none&quot;}\" data-widget_type=\"image.default\">\n\t\t\t\t<div class=\"elementor-widget-container\">\n\t\t\t\t\t\t\t\t\t\t\t\t\t\t\t<img fetchpriority=\"high\" decoding=\"async\" width=\"1707\" height=\"2560\" src=\"https:\/\/ahs-auditors.com\/wp-content\/uploads\/2023\/01\/pexels-fauxels-3182755-scaled.jpg\" class=\"attachment-full size-full wp-image-561\" alt=\"\" srcset=\"https:\/\/ahs-auditors.com\/wp-content\/uploads\/2023\/01\/pexels-fauxels-3182755-scaled.jpg 1707w, https:\/\/ahs-auditors.com\/wp-content\/uploads\/2023\/01\/pexels-fauxels-3182755-200x300.jpg 200w, https:\/\/ahs-auditors.com\/wp-content\/uploads\/2023\/01\/pexels-fauxels-3182755-683x1024.jpg 683w, https:\/\/ahs-auditors.com\/wp-content\/uploads\/2023\/01\/pexels-fauxels-3182755-768x1152.jpg 768w, https:\/\/ahs-auditors.com\/wp-content\/uploads\/2023\/01\/pexels-fauxels-3182755-1024x1536.jpg 1024w, https:\/\/ahs-auditors.com\/wp-content\/uploads\/2023\/01\/pexels-fauxels-3182755-1365x2048.jpg 1365w, https:\/\/ahs-auditors.com\/wp-content\/uploads\/2023\/01\/pexels-fauxels-3182755-97x146.jpg 97w, https:\/\/ahs-auditors.com\/wp-content\/uploads\/2023\/01\/pexels-fauxels-3182755-33x50.jpg 33w, https:\/\/ahs-auditors.com\/wp-content\/uploads\/2023\/01\/pexels-fauxels-3182755-50x75.jpg 50w, https:\/\/ahs-auditors.com\/wp-content\/uploads\/2023\/01\/pexels-fauxels-3182755-800x1200.jpg 800w\" sizes=\"(max-width:767px) 480px, (max-width:1707px) 100vw, 1707px\" \/>\t\t\t\t\t\t\t\t\t\t\t\t\t\t\t<\/div>\n\t\t\t\t<\/div>\n\t\t\t\t\t<\/div>\n\t\t<\/div>\n\t\t\t\t\t<\/div>\n\t\t<\/section>\n\t\t\t\t<\/div>","protected":false},"excerpt":{"rendered":"<p>Nos valeurs fondamentales Avant tout, Ahmed Hassan El Sayed - experts-comptables, consultants et conseillers fiscaux - s&#039;efforce constamment d&#039;adh\u00e9rer aux normes professionnelles les plus \u00e9lev\u00e9es,<span class=\"excerpt-hellip\"> [\u2026]<\/span><\/p>","protected":false},"author":1,"featured_media":0,"parent":0,"menu_order":0,"comment_status":"closed","ping_status":"closed","template":"","meta":{"footnotes":""},"class_list":["post-541","page","type-page","status-publish","hentry"],"yoast_head":"<!-- This site is optimized with the Yoast SEO plugin v27.2 - https:\/\/yoast.com\/product\/yoast-seo-wordpress\/ -->\n<title>Core Values - AHS Auditors<\/title>\n<meta name=\"robots\" content=\"index, follow, max-snippet:-1, max-image-preview:large, max-video-preview:-1\" \/>\n<link rel=\"canonical\" href=\"https:\/\/ahs-auditors.com\/fr\/core-values\/\" \/>\n<meta property=\"og:locale\" content=\"fr_FR\" \/>\n<meta property=\"og:type\" content=\"article\" \/>\n<meta property=\"og:title\" content=\"Core Values - AHS Auditors\" \/>\n<meta property=\"og:description\" content=\"Our core values Above all, Ahmed Hassan El Sayed &#8211; chartered accountants, consultants, and tax advisers &#8211; consistently strive to adhere to the highest professional standards, [\u2026]\" \/>\n<meta property=\"og:url\" content=\"https:\/\/ahs-auditors.com\/fr\/core-values\/\" \/>\n<meta property=\"og:site_name\" content=\"AHS Auditors\" \/>\n<meta property=\"article:publisher\" content=\"https:\/\/www.facebook.com\/ahs.auditors\/\" \/>\n<meta property=\"article:modified_time\" content=\"2023-01-22T23:32:01+00:00\" \/>\n<meta property=\"og:image\" content=\"https:\/\/ahs-auditors.com\/wp-content\/uploads\/2023\/01\/pexels-fauxels-3182755-scaled.jpg\" \/>\n<meta name=\"twitter:card\" content=\"summary_large_image\" \/>\n<meta name=\"twitter:site\" content=\"@ahs_audtiors\" \/>\n<meta name=\"twitter:label1\" content=\"Dur\u00e9e de lecture estim\u00e9e\" \/>\n\t<meta name=\"twitter:data1\" content=\"2 minutes\" \/>\n<script type=\"application\/ld+json\" class=\"yoast-schema-graph\">{\"@context\":\"https:\/\/schema.org\",\"@graph\":[{\"@type\":\"WebPage\",\"@id\":\"https:\/\/ahs-auditors.com\/core-values\/\",\"url\":\"https:\/\/ahs-auditors.com\/core-values\/\",\"name\":\"Core Values - AHS Auditors\",\"isPartOf\":{\"@id\":\"https:\/\/ahs-auditors.com\/#website\"},\"primaryImageOfPage\":{\"@id\":\"https:\/\/ahs-auditors.com\/core-values\/#primaryimage\"},\"image\":{\"@id\":\"https:\/\/ahs-auditors.com\/core-values\/#primaryimage\"},\"thumbnailUrl\":\"https:\/\/ahs-auditors.com\/wp-content\/uploads\/2023\/01\/pexels-fauxels-3182755-scaled.jpg\",\"datePublished\":\"2023-01-19T16:27:23+00:00\",\"dateModified\":\"2023-01-22T23:32:01+00:00\",\"breadcrumb\":{\"@id\":\"https:\/\/ahs-auditors.com\/core-values\/#breadcrumb\"},\"inLanguage\":\"fr-FR\",\"potentialAction\":[{\"@type\":\"ReadAction\",\"target\":[\"https:\/\/ahs-auditors.com\/core-values\/\"]}]},{\"@type\":\"ImageObject\",\"inLanguage\":\"fr-FR\",\"@id\":\"https:\/\/ahs-auditors.com\/core-values\/#primaryimage\",\"url\":\"https:\/\/ahs-auditors.com\/wp-content\/uploads\/2023\/01\/pexels-fauxels-3182755-scaled.jpg\",\"contentUrl\":\"https:\/\/ahs-auditors.com\/wp-content\/uploads\/2023\/01\/pexels-fauxels-3182755-scaled.jpg\"},{\"@type\":\"BreadcrumbList\",\"@id\":\"https:\/\/ahs-auditors.com\/core-values\/#breadcrumb\",\"itemListElement\":[{\"@type\":\"ListItem\",\"position\":1,\"name\":\"Home\",\"item\":\"https:\/\/ahs-auditors.com\/\"},{\"@type\":\"ListItem\",\"position\":2,\"name\":\"Core Values\"}]},{\"@type\":\"WebSite\",\"@id\":\"https:\/\/ahs-auditors.com\/#website\",\"url\":\"https:\/\/ahs-auditors.com\/\",\"name\":\"AHS Auditors\",\"description\":\"Ahmed Hassan El Sayed - Chartered Accountants, Consultants, and Tax Advisers\",\"publisher\":{\"@id\":\"https:\/\/ahs-auditors.com\/#organization\"},\"potentialAction\":[{\"@type\":\"SearchAction\",\"target\":{\"@type\":\"EntryPoint\",\"urlTemplate\":\"https:\/\/ahs-auditors.com\/?s={search_term_string}\"},\"query-input\":{\"@type\":\"PropertyValueSpecification\",\"valueRequired\":true,\"valueName\":\"search_term_string\"}}],\"inLanguage\":\"fr-FR\"},{\"@type\":\"Organization\",\"@id\":\"https:\/\/ahs-auditors.com\/#organization\",\"name\":\"AHS Auditors\",\"url\":\"https:\/\/ahs-auditors.com\/\",\"logo\":{\"@type\":\"ImageObject\",\"inLanguage\":\"fr-FR\",\"@id\":\"https:\/\/ahs-auditors.com\/#\/schema\/logo\/image\/\",\"url\":\"https:\/\/ahs-auditors.com\/wp-content\/uploads\/2023\/01\/ahs-1.png\",\"contentUrl\":\"https:\/\/ahs-auditors.com\/wp-content\/uploads\/2023\/01\/ahs-1.png\",\"width\":483,\"height\":166,\"caption\":\"AHS Auditors\"},\"image\":{\"@id\":\"https:\/\/ahs-auditors.com\/#\/schema\/logo\/image\/\"},\"sameAs\":[\"https:\/\/www.facebook.com\/ahs.auditors\/\",\"https:\/\/x.com\/ahs_audtiors\",\"https:\/\/www.linkedin.com\/company\/ahs---auditors\"]}]}<\/script>\n<!-- \/ Yoast SEO plugin. -->","yoast_head_json":{"title":"Core Values - AHS Auditors","robots":{"index":"index","follow":"follow","max-snippet":"max-snippet:-1","max-image-preview":"max-image-preview:large","max-video-preview":"max-video-preview:-1"},"canonical":"https:\/\/ahs-auditors.com\/fr\/core-values\/","og_locale":"fr_FR","og_type":"article","og_title":"Core Values - AHS Auditors","og_description":"Our core values Above all, Ahmed Hassan El Sayed &#8211; chartered accountants, consultants, and tax advisers &#8211; consistently strive to adhere to the highest professional standards, [\u2026]","og_url":"https:\/\/ahs-auditors.com\/fr\/core-values\/","og_site_name":"AHS Auditors","article_publisher":"https:\/\/www.facebook.com\/ahs.auditors\/","article_modified_time":"2023-01-22T23:32:01+00:00","og_image":[{"url":"https:\/\/ahs-auditors.com\/wp-content\/uploads\/2023\/01\/pexels-fauxels-3182755-scaled.jpg","type":"","width":"","height":""}],"twitter_card":"summary_large_image","twitter_site":"@ahs_audtiors","twitter_misc":{"Dur\u00e9e de lecture estim\u00e9e":"2 minutes"},"schema":{"@context":"https:\/\/schema.org","@graph":[{"@type":"WebPage","@id":"https:\/\/ahs-auditors.com\/core-values\/","url":"https:\/\/ahs-auditors.com\/core-values\/","name":"Core Values - AHS Auditors","isPartOf":{"@id":"https:\/\/ahs-auditors.com\/#website"},"primaryImageOfPage":{"@id":"https:\/\/ahs-auditors.com\/core-values\/#primaryimage"},"image":{"@id":"https:\/\/ahs-auditors.com\/core-values\/#primaryimage"},"thumbnailUrl":"https:\/\/ahs-auditors.com\/wp-content\/uploads\/2023\/01\/pexels-fauxels-3182755-scaled.jpg","datePublished":"2023-01-19T16:27:23+00:00","dateModified":"2023-01-22T23:32:01+00:00","breadcrumb":{"@id":"https:\/\/ahs-auditors.com\/core-values\/#breadcrumb"},"inLanguage":"fr-FR","potentialAction":[{"@type":"ReadAction","target":["https:\/\/ahs-auditors.com\/core-values\/"]}]},{"@type":"ImageObject","inLanguage":"fr-FR","@id":"https:\/\/ahs-auditors.com\/core-values\/#primaryimage","url":"https:\/\/ahs-auditors.com\/wp-content\/uploads\/2023\/01\/pexels-fauxels-3182755-scaled.jpg","contentUrl":"https:\/\/ahs-auditors.com\/wp-content\/uploads\/2023\/01\/pexels-fauxels-3182755-scaled.jpg"},{"@type":"BreadcrumbList","@id":"https:\/\/ahs-auditors.com\/core-values\/#breadcrumb","itemListElement":[{"@type":"ListItem","position":1,"name":"Home","item":"https:\/\/ahs-auditors.com\/"},{"@type":"ListItem","position":2,"name":"Core Values"}]},{"@type":"WebSite","@id":"https:\/\/ahs-auditors.com\/#website","url":"https:\/\/ahs-auditors.com\/","name":"AHS Auditors","description":"Ahmed Hassan El Sayed - Chartered Accountants, Consultants, and Tax Advisers","publisher":{"@id":"https:\/\/ahs-auditors.com\/#organization"},"potentialAction":[{"@type":"SearchAction","target":{"@type":"EntryPoint","urlTemplate":"https:\/\/ahs-auditors.com\/?s={search_term_string}"},"query-input":{"@type":"PropertyValueSpecification","valueRequired":true,"valueName":"search_term_string"}}],"inLanguage":"fr-FR"},{"@type":"Organization","@id":"https:\/\/ahs-auditors.com\/#organization","name":"AHS Auditors","url":"https:\/\/ahs-auditors.com\/","logo":{"@type":"ImageObject","inLanguage":"fr-FR","@id":"https:\/\/ahs-auditors.com\/#\/schema\/logo\/image\/","url":"https:\/\/ahs-auditors.com\/wp-content\/uploads\/2023\/01\/ahs-1.png","contentUrl":"https:\/\/ahs-auditors.com\/wp-content\/uploads\/2023\/01\/ahs-1.png","width":483,"height":166,"caption":"AHS Auditors"},"image":{"@id":"https:\/\/ahs-auditors.com\/#\/schema\/logo\/image\/"},"sameAs":["https:\/\/www.facebook.com\/ahs.auditors\/","https:\/\/x.com\/ahs_audtiors","https:\/\/www.linkedin.com\/company\/ahs---auditors"]}]}},"_links":{"self":[{"href":"https:\/\/ahs-auditors.com\/fr\/wp-json\/wp\/v2\/pages\/541","targetHints":{"allow":["GET"]}}],"collection":[{"href":"https:\/\/ahs-auditors.com\/fr\/wp-json\/wp\/v2\/pages"}],"about":[{"href":"https:\/\/ahs-auditors.com\/fr\/wp-json\/wp\/v2\/types\/page"}],"author":[{"embeddable":true,"href":"https:\/\/ahs-auditors.com\/fr\/wp-json\/wp\/v2\/users\/1"}],"replies":[{"embeddable":true,"href":"https:\/\/ahs-auditors.com\/fr\/wp-json\/wp\/v2\/comments?post=541"}],"version-history":[{"count":55,"href":"https:\/\/ahs-auditors.com\/fr\/wp-json\/wp\/v2\/pages\/541\/revisions"}],"predecessor-version":[{"id":2665,"href":"https:\/\/ahs-auditors.com\/fr\/wp-json\/wp\/v2\/pages\/541\/revisions\/2665"}],"wp:attachment":[{"href":"https:\/\/ahs-auditors.com\/fr\/wp-json\/wp\/v2\/media?parent=541"}],"curies":[{"name":"wp","href":"https:\/\/api.w.org\/{rel}","templated":true}]}}